{"id":56,"date":"2019-11-15T20:18:42","date_gmt":"2019-11-15T20:18:42","guid":{"rendered":"https:\/\/themerain.com\/demo\/scene\/?page_id=56"},"modified":"2025-11-20T03:16:14","modified_gmt":"2025-11-20T02:16:14","slug":"onas","status":"publish","type":"page","link":"https:\/\/sportklub.pl\/index.php\/onas\/","title":{"rendered":"O nas"},"content":{"rendered":"\n<h3 class=\"wp-block-heading alignwide\">Emocje?<br>My je dostarczamy.<\/h3>\n\n\n\n<div class=\"wp-block-columns is-layout-flex wp-container-core-columns-is-layout-9d6595d7 wp-block-columns-is-layout-flex\">\n<div class=\"wp-block-column is-layout-flow wp-block-column-is-layout-flow\">\n<p><strong>Koszyk\u00f3wka, siatk\u00f3wka i pi\u0142ka no\u017cna<\/strong><br><br><strong>Koszyk\u00f3wka<\/strong><br>Liga ACB<br><br><strong>Pi\u0142ka no\u017cna<\/strong><br>Greek Super League<br>Slovenian Football<br>CAF Champions League<br>Miami Legends Football<br><br><strong>Siatk\u00f3wka<\/strong><br>Slovenian Volleyball League<\/p>\n\n\n\n<p><br><\/p>\n<\/div>\n\n\n\n<div class=\"wp-block-column is-layout-flow wp-block-column-is-layout-flow\">\n<p><strong>Multisport<\/strong><br><br><strong>Sporty motorowe<\/strong><br>Hankook 24H Series<br>FIA Karting Championships<br>Champions of the Future Academy Program Karting<br>Red Bull Romaniacs<br>One Off Motorsport \/ Motorsport<br><br><strong>Sporty wodne<\/strong><br>SailGP<br>GKA Kite World Tour<br>GWA Wingfoil World Tour<br>World Sailing Show<br><br><strong>Kolarstwo, biegi, triathlon, endurance<\/strong><br>ABSA Cape Epic<br>Engadin Skimarathon<br>DATEV Challenge Roth<br>Mass Participation<br><br><strong>Sport \u015bwiatowej klasy FEI<\/strong><br>Longines FEI World Cup<br>Longines League of Nations<br>FEI Longines Jumping European Championship<br>Jiva Hill Stables FEI Dressage European Championship<br>Agria FEI Eventing European Championship<br>Longines FEI Jumping World Cup North American League<br>Longines FEI Jumping World Cup Western European League<\/p>\n<\/div>\n\n\n\n<div class=\"wp-block-column is-layout-flow wp-block-column-is-layout-flow\">\n<p><strong>Magazyny<\/strong><br><br>SailGP<br>Bilardowa Ekstraklasa<br>Pi\u0105ta kwarta ACB<br>World Sailing Show<br>World of Freesports<br>World Chess Show<br>Racing On The Edge<br>Longines League of Nations<br>Longines FEI World Cup<br>FEI Longines Jumping<\/p>\n<\/div>\n<\/div>\n\n\n\n<div style=\"height:50px\" aria-hidden=\"true\" class=\"wp-block-spacer\"><\/div>\n\n\n\n<div class=\"alignfull wp-block-themerain-slider alignfull tr-block-slider swiper-container wp-block-themerain-slider\">\n\t<div class=\"swiper\" data-columns=\"2\" data-columns-tablet=\"2\" data-columns-mobile=\"1\" data-space=\"100\" data-space-tablet=\"30\" data-space-mobile=\"30\" data-loop=\"\" data-autoplay=\"\" data-center=\"1\">\n\t\t<div class=\"swiper-wrapper\">\n\t\t\t\t\t\t\t<div class=\"swiper-slide\" style=\"aspect-ratio: 16\/9;\">\n\t\t\t\t\t<img loading=\"lazy\" decoding=\"async\" width=\"1400\" height=\"2100\" src=\"https:\/\/sportklub.pl\/wp-content\/uploads\/2019\/11\/fd086386394581.5d97d6ae619dd.jpg\" class=\"attachment-full size-full\" alt=\"\" srcset=\"https:\/\/sportklub.pl\/wp-content\/uploads\/2019\/11\/fd086386394581.5d97d6ae619dd.jpg 1400w, https:\/\/sportklub.pl\/wp-content\/uploads\/2019\/11\/fd086386394581.5d97d6ae619dd-200x300.jpg 200w, https:\/\/sportklub.pl\/wp-content\/uploads\/2019\/11\/fd086386394581.5d97d6ae619dd-683x1024.jpg 683w, https:\/\/sportklub.pl\/wp-content\/uploads\/2019\/11\/fd086386394581.5d97d6ae619dd-768x1152.jpg 768w, https:\/\/sportklub.pl\/wp-content\/uploads\/2019\/11\/fd086386394581.5d97d6ae619dd-1024x1536.jpg 1024w, https:\/\/sportklub.pl\/wp-content\/uploads\/2019\/11\/fd086386394581.5d97d6ae619dd-1365x2048.jpg 1365w\" sizes=\"auto, (max-width: 1400px) 100vw, 1400px\" \/>\t\t\t\t<\/div>\n\t\t\t\t\t\t\t<div class=\"swiper-slide\" style=\"aspect-ratio: 16\/9;\">\n\t\t\t\t\t<img loading=\"lazy\" decoding=\"async\" width=\"1400\" height=\"933\" src=\"https:\/\/sportklub.pl\/wp-content\/uploads\/2019\/11\/addbfe86394581.5d97bfac9662c.jpg\" class=\"attachment-full size-full\" alt=\"\" srcset=\"https:\/\/sportklub.pl\/wp-content\/uploads\/2019\/11\/addbfe86394581.5d97bfac9662c.jpg 1400w, https:\/\/sportklub.pl\/wp-content\/uploads\/2019\/11\/addbfe86394581.5d97bfac9662c-300x200.jpg 300w, https:\/\/sportklub.pl\/wp-content\/uploads\/2019\/11\/addbfe86394581.5d97bfac9662c-1024x682.jpg 1024w, https:\/\/sportklub.pl\/wp-content\/uploads\/2019\/11\/addbfe86394581.5d97bfac9662c-768x512.jpg 768w\" sizes=\"auto, (max-width: 1400px) 100vw, 1400px\" \/>\t\t\t\t<\/div>\n\t\t\t\t\t\t\t<div class=\"swiper-slide\" style=\"aspect-ratio: 16\/9;\">\n\t\t\t\t\t<img loading=\"lazy\" decoding=\"async\" width=\"1400\" height=\"2100\" src=\"https:\/\/sportklub.pl\/wp-content\/uploads\/2019\/11\/1d4fb486848625.5da61fa193a9f.jpg\" class=\"attachment-full size-full\" alt=\"\" srcset=\"https:\/\/sportklub.pl\/wp-content\/uploads\/2019\/11\/1d4fb486848625.5da61fa193a9f.jpg 1400w, https:\/\/sportklub.pl\/wp-content\/uploads\/2019\/11\/1d4fb486848625.5da61fa193a9f-200x300.jpg 200w, https:\/\/sportklub.pl\/wp-content\/uploads\/2019\/11\/1d4fb486848625.5da61fa193a9f-683x1024.jpg 683w, https:\/\/sportklub.pl\/wp-content\/uploads\/2019\/11\/1d4fb486848625.5da61fa193a9f-768x1152.jpg 768w, https:\/\/sportklub.pl\/wp-content\/uploads\/2019\/11\/1d4fb486848625.5da61fa193a9f-1024x1536.jpg 1024w, https:\/\/sportklub.pl\/wp-content\/uploads\/2019\/11\/1d4fb486848625.5da61fa193a9f-1365x2048.jpg 1365w\" sizes=\"auto, (max-width: 1400px) 100vw, 1400px\" \/>\t\t\t\t<\/div>\n\t\t\t\t\t<\/div>\n\t<\/div>\n<\/div>\n\n\n\n<div style=\"height:50px\" aria-hidden=\"true\" class=\"wp-block-spacer\"><\/div>\n\n\n\n<div style=\"height:50px\" aria-hidden=\"true\" class=\"wp-block-spacer\"><\/div>\n\n\n\n<h4 class=\"wp-block-heading alignwide\">Czo\u0142owe prawa<\/h4>\n\n\n\n<div class=\"is-vertically-aligned-center alignfull wp-block-themerain-slider alignfull tr-block-slider swiper-container wp-block-themerain-slider\">\n\t<div class=\"swiper\" data-columns=\"7\" data-columns-tablet=\"6\" data-columns-mobile=\"7\" data-space=\"0\" data-space-tablet=\"30\" data-space-mobile=\"30\" data-loop=\"1\" data-autoplay=\"1\" data-center=\"1\">\n\t\t<div class=\"swiper-wrapper\">\n\t\t\t\t\t\t\t<div class=\"swiper-slide\" style=\"aspect-ratio: 1\/1;\">\n\t\t\t\t\t<img loading=\"lazy\" decoding=\"async\" width=\"329\" height=\"329\" src=\"https:\/\/sportklub.pl\/wp-content\/uploads\/2025\/11\/acb-1.png\" class=\"attachment-full size-full\" alt=\"\" srcset=\"https:\/\/sportklub.pl\/wp-content\/uploads\/2025\/11\/acb-1.png 329w, https:\/\/sportklub.pl\/wp-content\/uploads\/2025\/11\/acb-1-300x300.png 300w, https:\/\/sportklub.pl\/wp-content\/uploads\/2025\/11\/acb-1-150x150.png 150w\" sizes=\"auto, (max-width: 329px) 100vw, 329px\" \/>\t\t\t\t<\/div>\n\t\t\t\t\t<\/div>\n\t<\/div>\n<\/div>\n\n\n\n<h4 class=\"wp-block-heading alignwide\">Do\u0142\u0105cz do nas<\/h4>\n\n\n\n<h3 class=\"wp-block-heading\">Wsp\u00f3\u0142pracujemy z utalentowanymi komentatorami i tw\u00f3rcami. Je\u015bli chcesz do nas do\u0142\u0105czy\u0107, napisz:<br><a href=\"#\">talenty@sportklub.pl<\/a><\/h3>\n\n\n\n<div style=\"height:50px\" aria-hidden=\"true\" class=\"wp-block-spacer\"><\/div>\n","protected":false},"excerpt":{"rendered":"<p>Emocje?My je dostarczamy. Koszyk\u00f3wka, siatk\u00f3wka i pi\u0142ka no\u017cna Koszyk\u00f3wkaLiga ACB Pi\u0142ka no\u017cnaGreek Super LeagueSlovenian FootballCAF&hellip;<\/p>\n","protected":false},"author":1,"featured_media":0,"parent":0,"menu_order":0,"comment_status":"closed","ping_status":"closed","template":"","meta":{"_monsterinsights_skip_tracking":false,"_monsterinsights_sitenote_active":false,"_monsterinsights_sitenote_note":"","_monsterinsights_sitenote_category":0,"footnotes":""},"class_list":["post-56","page","type-page","status-publish","hentry","has-content"],"aioseo_notices":[],"_links":{"self":[{"href":"https:\/\/sportklub.pl\/index.php\/wp-json\/wp\/v2\/pages\/56","targetHints":{"allow":["GET"]}}],"collection":[{"href":"https:\/\/sportklub.pl\/index.php\/wp-json\/wp\/v2\/pages"}],"about":[{"href":"https:\/\/sportklub.pl\/index.php\/wp-json\/wp\/v2\/types\/page"}],"author":[{"embeddable":true,"href":"https:\/\/sportklub.pl\/index.php\/wp-json\/wp\/v2\/users\/1"}],"replies":[{"embeddable":true,"href":"https:\/\/sportklub.pl\/index.php\/wp-json\/wp\/v2\/comments?post=56"}],"version-history":[{"count":9,"href":"https:\/\/sportklub.pl\/index.php\/wp-json\/wp\/v2\/pages\/56\/revisions"}],"predecessor-version":[{"id":1492,"href":"https:\/\/sportklub.pl\/index.php\/wp-json\/wp\/v2\/pages\/56\/revisions\/1492"}],"wp:attachment":[{"href":"https:\/\/sportklub.pl\/index.php\/wp-json\/wp\/v2\/media?parent=56"}],"curies":[{"name":"wp","href":"https:\/\/api.w.org\/{rel}","templated":true}]}}